{"id":2060,"date":"2017-02-12T21:12:39","date_gmt":"2017-02-12T20:12:39","guid":{"rendered":"http:\/\/www.wieder-maschinenbau.eu\/?page_id=2060"},"modified":"2018-05-23T18:31:41","modified_gmt":"2018-05-23T16:31:41","slug":"impressum","status":"publish","type":"page","link":"https:\/\/www.wieder-maschinenbau.eu\/en\/impressum\/","title":{"rendered":"Imprint"},"content":{"rendered":"<div class=\"wpb-content-wrapper\"><p>[vc_row][vc_column][vc_custom_heading source=&#8221;post_title&#8221; font_container=&#8221;tag:h1|text_align:left&#8221; use_theme_fonts=&#8221;yes&#8221; el_class=&#8221;title&#8221;][vc_column_text]<strong>Wieder Maschinenbau GmbH<\/strong><br \/>\nSteindorf, Gewerbegebiet S\u00fcd 7<br \/>\nA-5204 Stra\u00dfwalchen<\/p>\n<p>Tel.: +43-(0)6215-7182-0<br \/>\nFax.: +43-(0)6215-7182-13<\/p>\n<p>Gesch\u00e4ftsf\u00fchrer: Ing. Alois Wieder<br \/>\nUID-Nr. ATU 5194 7504<br \/>\nFN 209459 d<\/p>\n<p>We produce <strong>Machines <\/strong>(Scissor Lifting Tables, Veneering Presses, Briquetting Presses), <strong>Structural Steelwork<\/strong> (steel halls, flying roofs, carports, and so on) and we offer <strong>Contract<\/strong> <strong>Manufacturing <\/strong>with our CNC rotary- and mill machines.<\/p>\n<p>The regional court Salzburg is our responsible competent\u00a0supervisory\u00a0authority.<\/p>\n<p>We are part of the Economic Chamber Salzburg and we belong to the Association of the Locksmiths, Agricultural Mechanicals and Blacksmiths.<\/p>\n<p><strong>Data protection<\/strong><\/p>\n<p>The safety of personal data that is provided by the user is an important issue for Wieder Maschinenbau GmbH. Therefore, all user data (such as name, address, email etc.) is treated strictly confidentially and protected with appropriate security systems. Wieder Maschinenbau GmbH uses the information provided by Users exclusively for the object of the company. Wieder Maschinenbau GmbH may also pass on the data internally within the company. The user grants approval that all essential messages are sent by email, unless another form is required by law.<\/p>\n<p>Through visiting this website, information may be stored regarding the access (date, time, page viewed, and other data). This data is not part of the personal data, but rather is anonymised. It is evaluated exclusively for statistical purposes.<\/p>\n<p>Wieder Maschinenbau GmbH refers expressly to the fact that data transfer online (e.g. in communication by email) may have security vulnerabilities and cannot be completely protected from access by third parties.<\/p>\n<p><strong>Liability Note<\/strong><\/p>\n<p>Despite careful monitoring we do not take responsibility for the content of external links. Exclusively the operators of those external websites are responsible for the content published on the linked websites.<\/p>\n<p><a href=\"http:\/\/www.wkoecg.at\/Web\/Ecg.aspx?FirmaID=5c7cb0dd-ba6b-4c31-97fb-ce802f6dd66d\" target=\"_blank\" rel=\"noopener noreferrer\"><img decoding=\"async\" src=\"http:\/\/www.wkoecg.at\/Web\/Library\/img\/ecg.gif\" alt=\"Informationen zu E-Commerce und Mediengesetz\" \/><\/a>[\/vc_column_text][\/vc_column][\/vc_row][vc_row full_width=&#8221;stretch_row&#8221; el_class=&#8221;no-bottom-padding-row&#8221; css=&#8221;.vc_custom_1465904690097{background-color: #3498db !important;}&#8221;][vc_column css=&#8221;.vc_custom_1486929263394{padding-top: 0px !important;padding-bottom: 15px !important;}&#8221;]<div class=\"download\"><div class='download-content text-uppercase' style='color: #ffffff'><i class='fa fa fa-file-pdf-o'><\/i> Terms and conditions<\/div><a target='_self' href='\/website\/wp-content\/uploads\/2017\/02\/AllgLieferbed.pdf' class='btn btn-md btn-dark btn-shadow'><i class='fa fa fa-cloud-download'><\/i> Download<\/a><\/div>[\/vc_column][\/vc_row]<\/p>\n<\/div>","protected":false},"excerpt":{"rendered":"<p>[vc_row][vc_column][vc_custom_heading source=&#8221;post_title&#8221; font_container=&#8221;tag:h1|text_align:left&#8221; use_theme_fonts=&#8221;yes&#8221; el_class=&#8221;title&#8221;][vc_column_text]Wieder Maschinenbau GmbH Steindorf, Gewerbegebiet S\u00fcd 7 A-5204 Stra\u00dfwalchen Tel.: +43-(0)6215-7182-0 Fax.: +43-(0)6215-7182-13 Gesch\u00e4ftsf\u00fchrer: Ing. Alois Wieder UID-Nr. ATU 5194 7504 FN 209459 d We produce Machines (Scissor Lifting Tables, Veneering Presses, Briquetting Presses), Structural Steelwork &hellip;<\/p>\n","protected":false},"author":1,"featured_media":0,"parent":0,"menu_order":0,"comment_status":"closed","ping_status":"closed","template":"","meta":{"footnotes":""},"amp_enabled":true,"_links":{"self":[{"href":"https:\/\/www.wieder-maschinenbau.eu\/en\/wp-json\/wp\/v2\/pages\/2060"}],"collection":[{"href":"https:\/\/www.wieder-maschinenbau.eu\/en\/wp-json\/wp\/v2\/pages"}],"about":[{"href":"https:\/\/www.wieder-maschinenbau.eu\/en\/wp-json\/wp\/v2\/types\/page"}],"author":[{"embeddable":true,"href":"https:\/\/www.wieder-maschinenbau.eu\/en\/wp-json\/wp\/v2\/users\/1"}],"replies":[{"embeddable":true,"href":"https:\/\/www.wieder-maschinenbau.eu\/en\/wp-json\/wp\/v2\/comments?post=2060"}],"version-history":[{"count":6,"href":"https:\/\/www.wieder-maschinenbau.eu\/en\/wp-json\/wp\/v2\/pages\/2060\/revisions"}],"predecessor-version":[{"id":2356,"href":"https:\/\/www.wieder-maschinenbau.eu\/en\/wp-json\/wp\/v2\/pages\/2060\/revisions\/2356"}],"wp:attachment":[{"href":"https:\/\/www.wieder-maschinenbau.eu\/en\/wp-json\/wp\/v2\/media?parent=2060"}],"curies":[{"name":"wp","href":"https:\/\/api.w.org\/{rel}","templated":true}]}}