{"id":2208,"date":"2017-03-03T23:46:04","date_gmt":"2017-03-03T22:46:04","guid":{"rendered":"http:\/\/www.wieder-maschinenbau.eu\/?page_id=2208"},"modified":"2021-04-12T14:38:13","modified_gmt":"2021-04-12T12:38:13","slug":"lohnfertigung","status":"publish","type":"page","link":"https:\/\/www.wieder-maschinenbau.eu\/en\/produkte\/lohnfertigung\/","title":{"rendered":"Contract Manufacturing"},"content":{"rendered":"<div class=\"wpb-content-wrapper\"><p>[vc_row][vc_column][vc_custom_heading text=&#8221;CONTRACT MANUFACTURING&#8221; use_theme_fonts=&#8221;yes&#8221; el_class=&#8221;title&#8221;][vc_cta h2=&#8221;&#8221; shape=&#8221;square&#8221; style=&#8221;outline&#8221;]<\/p>\n<h3>Wir fertigen f\u00fcr Sie!<\/h3>\n<p>Und zwar auf individuellen Wunsch, auch in kleinen Losgr\u00f6\u00dfen.[\/vc_cta][\/vc_column][\/vc_row][vc_row][vc_column width=&#8221;1\/2&#8243;][vc_custom_heading text=&#8221;Our strenghts are:&#8221; use_theme_fonts=&#8221;yes&#8221;][vc_column_text]<\/p>\n<ul>\n<li class=\"x_MsoNormal\">Turning work: 3-axis CNC-lathe<\/li>\n<li class=\"x_MsoNormal\">Milling work: 3-axis CNC milling machine<\/li>\n<li class=\"x_MsoNormal\">Hydraulic cylinders: production and repair. Extensive stock of piston rods, tubes and sealings.<\/li>\n<\/ul>\n<p>[\/vc_column_text][\/vc_column][vc_column width=&#8221;1\/2&#8243;][vc_single_image image=&#8221;2146&#8243; img_size=&#8221;large&#8221; alignment=&#8221;center&#8221; onclick=&#8221;link_image&#8221;][\/vc_column][\/vc_row]<\/p>\n<\/div>","protected":false},"excerpt":{"rendered":"<p>[vc_row][vc_column][vc_custom_heading text=&#8221;CONTRACT MANUFACTURING&#8221; use_theme_fonts=&#8221;yes&#8221; el_class=&#8221;title&#8221;][vc_cta h2=&#8221;&#8221; shape=&#8221;square&#8221; style=&#8221;outline&#8221;] Wir fertigen f\u00fcr Sie! Und zwar auf individuellen Wunsch, auch in kleinen Losgr\u00f6\u00dfen.[\/vc_cta][\/vc_column][\/vc_row][vc_row][vc_column width=&#8221;1\/2&#8243;][vc_custom_heading text=&#8221;Our strenghts are:&#8221; use_theme_fonts=&#8221;yes&#8221;][vc_column_text] Turning work: 3-axis CNC-lathe Milling work: 3-axis CNC milling machine Hydraulic cylinders: production and &hellip;<\/p>\n","protected":false},"author":1,"featured_media":0,"parent":1436,"menu_order":0,"comment_status":"closed","ping_status":"closed","template":"","meta":{"footnotes":""},"amp_enabled":true,"_links":{"self":[{"href":"https:\/\/www.wieder-maschinenbau.eu\/en\/wp-json\/wp\/v2\/pages\/2208"}],"collection":[{"href":"https:\/\/www.wieder-maschinenbau.eu\/en\/wp-json\/wp\/v2\/pages"}],"about":[{"href":"https:\/\/www.wieder-maschinenbau.eu\/en\/wp-json\/wp\/v2\/types\/page"}],"author":[{"embeddable":true,"href":"https:\/\/www.wieder-maschinenbau.eu\/en\/wp-json\/wp\/v2\/users\/1"}],"replies":[{"embeddable":true,"href":"https:\/\/www.wieder-maschinenbau.eu\/en\/wp-json\/wp\/v2\/comments?post=2208"}],"version-history":[{"count":7,"href":"https:\/\/www.wieder-maschinenbau.eu\/en\/wp-json\/wp\/v2\/pages\/2208\/revisions"}],"predecessor-version":[{"id":2437,"href":"https:\/\/www.wieder-maschinenbau.eu\/en\/wp-json\/wp\/v2\/pages\/2208\/revisions\/2437"}],"up":[{"embeddable":true,"href":"https:\/\/www.wieder-maschinenbau.eu\/en\/wp-json\/wp\/v2\/pages\/1436"}],"wp:attachment":[{"href":"https:\/\/www.wieder-maschinenbau.eu\/en\/wp-json\/wp\/v2\/media?parent=2208"}],"curies":[{"name":"wp","href":"https:\/\/api.w.org\/{rel}","templated":true}]}}